{"id":511,"date":"2025-08-24T02:10:55","date_gmt":"2025-08-24T02:10:55","guid":{"rendered":"https:\/\/arquitecturacorel.com\/?page_id=511"},"modified":"2025-08-24T03:24:45","modified_gmt":"2025-08-24T03:24:45","slug":"cotizador","status":"publish","type":"page","link":"https:\/\/arquitecturacorel.com\/index.php\/cotizador\/","title":{"rendered":"Cotizador"},"content":{"rendered":"\t\t<div data-elementor-type=\"wp-page\" data-elementor-id=\"511\" class=\"elementor elementor-511\" data-elementor-post-type=\"page\">\n\t\t\t\t\t\t<section class=\"elementor-section elementor-top-section elementor-element elementor-element-b29c165 elementor-section-boxed elementor-section-height-default elementor-section-height-default\" data-id=\"b29c165\" data-element_type=\"section\">\n\t\t\t\t\t\t<div class=\"elementor-container elementor-column-gap-default\">\n\t\t\t\t\t<div class=\"elementor-column elementor-col-100 elementor-top-column elementor-element elementor-element-85d2515\" data-id=\"85d2515\" data-element_type=\"column\">\n\t\t\t<div class=\"elementor-widget-wrap elementor-element-populated\">\n\t\t\t\t\t\t<div class=\"elementor-element elementor-element-8704d6e elementor-widget elementor-widget-heading\" data-id=\"8704d6e\" data-element_type=\"widget\" data-widget_type=\"heading.default\">\n\t\t\t\t<div class=\"elementor-widget-container\">\n\t\t\t\t\t<h2 class=\"elementor-heading-title elementor-size-default\">Cotiza una Estimaci\u00f3n para el servicio de pintura<\/h2>\t\t\t\t<\/div>\n\t\t\t\t<\/div>\n\t\t\t\t<div class=\"elementor-element elementor-element-727b44c elementor-widget elementor-widget-text-editor\" data-id=\"727b44c\" data-element_type=\"widget\" data-widget_type=\"text-editor.default\">\n\t\t\t\t<div class=\"elementor-widget-container\">\n\t\t\t\t\t\t\t\t\t<p><\/p>\n<p>Los precios reflejados son estimados y pueden variar si en la visita se observan diferencias con lo aqu\u00ed expuesto o detalles adicionales no contemplados.<\/p>\t\t\t\t\t\t\t\t<\/div>\n\t\t\t\t<\/div>\n\t\t\t\t<div class=\"elementor-element elementor-element-0590e7a elementor-widget elementor-widget-wpforms\" data-id=\"0590e7a\" data-element_type=\"widget\" data-widget_type=\"wpforms.default\">\n\t\t\t\t<div class=\"elementor-widget-container\">\n\t\t\t\t\t<div class=\"wpforms-container wpforms-container-full wpforms-render-modern\" id=\"wpforms-518\"><form id=\"wpforms-form-518\" class=\"wpforms-validate wpforms-form wpforms-ajax-form\" data-formid=\"518\" method=\"post\" enctype=\"multipart\/form-data\" action=\"\/index.php\/wp-json\/wp\/v2\/pages\/511\" data-token=\"92329f7e5a9a3ef3d9b785b3ab859d83\" data-token-time=\"1776438658\"><noscript class=\"wpforms-error-noscript\">Por favor, activa JavaScript en tu navegador para completar este formulario.<\/noscript><div id=\"wpforms-error-noscript\" style=\"display: none;\">Por favor, activa JavaScript en tu navegador para completar este formulario.<\/div><div class=\"wpforms-field-container\"><div id=\"wpforms-518-field_36-container\" class=\"wpforms-field wpforms-field-layout\" data-field-type=\"layout\" data-field-id=\"36\"><div class=\"wpforms-field-layout-columns wpforms-field-layout-preset-50-50\"><div class=\"wpforms-layout-column wpforms-layout-column-50\" ><div id=\"wpforms-518-field_2-container\" class=\"wpforms-field wpforms-field-payment-select wpforms-field-select-style-classic\" data-field-type=\"payment-select\" data-field-id=\"2\"><label class=\"wpforms-field-label\" for=\"wpforms-518-field_2\">Tipo de Pared<\/label><select id=\"wpforms-518-field_2\" class=\"wpforms-payment-price wpforms-field-medium\" name=\"wpforms[fields][2]\"><option value=\"1\" data-amount=\"50.00\" >Interior<\/option><option value=\"2\" data-amount=\"60.00\" >Exterior \/ Fachadas<\/option><option value=\"5\" data-amount=\"50.00\" >Techos Bajos (menos de 2.5 m)<\/option><\/select><\/div><div id=\"wpforms-518-field_5-container\" class=\"wpforms-field wpforms-field-payment-select wpforms-field-select-style-classic\" data-field-type=\"payment-select\" data-field-id=\"5\"><label class=\"wpforms-field-label\" for=\"wpforms-518-field_5\">Tiempo en Que Se Necesita<\/label><select id=\"wpforms-518-field_5\" class=\"wpforms-payment-price wpforms-field-medium\" name=\"wpforms[fields][5]\"><option value=\"1\" data-amount=\"0.00\" >Flexible (dentro del mes)<\/option><option value=\"4\" data-amount=\"20.00\" >Urgente (para esta semana)<\/option><\/select><\/div><\/div><div class=\"wpforms-layout-column wpforms-layout-column-50\" ><div id=\"wpforms-518-field_3-container\" class=\"wpforms-field wpforms-field-number\" data-field-type=\"number\" data-field-id=\"3\"><label class=\"wpforms-field-label\" for=\"wpforms-518-field_3\">Metros Cuadrados Totales<\/label><input type=\"number\" id=\"wpforms-518-field_3\" class=\"wpforms-field-medium\" name=\"wpforms[fields][3]\" placeholder=\"15 m2.\" step=\"any\" aria-errormessage=\"wpforms-518-field_3-error\" ><\/div><div id=\"wpforms-518-field_6-container\" class=\"wpforms-field wpforms-field-payment-select wpforms-field-select-style-classic\" data-field-type=\"payment-select\" data-field-id=\"6\"><label class=\"wpforms-field-label\" for=\"wpforms-518-field_6\">Tipo de Trabajo<\/label><select id=\"wpforms-518-field_6\" class=\"wpforms-payment-price wpforms-field-medium\" name=\"wpforms[fields][6]\"><option value=\"1\" data-amount=\"0.00\" >Solo Mano de Obra (el cliente cuenta con la pintura)<\/option><option value=\"2\" data-amount=\"25.00\" >Completo con Pintura Blanca<\/option><option value=\"5\" data-amount=\"35.00\" >Completo con Pintura de Color<\/option><\/select><\/div><\/div><\/div><\/div><div id=\"wpforms-518-field_9-container\" class=\"wpforms-field wpforms-field-checkbox wpforms-list-3-columns\" data-field-type=\"checkbox\" data-field-id=\"9\"><fieldset><legend class=\"wpforms-field-label\">Servicios Adicionales<\/legend><ul id=\"wpforms-518-field_9\"><li class=\"choice-1 depth-1\"><input type=\"checkbox\" id=\"wpforms-518-field_9_1\" name=\"wpforms[fields][9][]\" value=\"Resanes Menores\" aria-errormessage=\"wpforms-518-field_9_1-error\"  ><label class=\"wpforms-field-label-inline\" for=\"wpforms-518-field_9_1\">Resanes Menores<\/label><\/li><li class=\"choice-2 depth-1\"><input type=\"checkbox\" id=\"wpforms-518-field_9_2\" name=\"wpforms[fields][9][]\" value=\"Mover Muebles\" aria-errormessage=\"wpforms-518-field_9_2-error\"  ><label class=\"wpforms-field-label-inline\" for=\"wpforms-518-field_9_2\">Mover Muebles<\/label><\/li><\/ul><\/fieldset><\/div><div id=\"wpforms-518-field_16-container\" class=\"wpforms-field wpforms-field-layout\" data-field-type=\"layout\" data-field-id=\"16\"><div class=\"wpforms-field-layout-columns wpforms-field-layout-preset-50-50\"><div class=\"wpforms-layout-column wpforms-layout-column-50\" ><div id=\"wpforms-518-field_38-container\" class=\"wpforms-field wpforms-field-payment-single makeTextLarge wpforms-calculations-field\" data-field-type=\"payment-single\" data-field-id=\"38\"><label class=\"wpforms-field-label\">Costo de Adicionales<\/label><div class=\"wpforms-single-item-price-content\"><div class=\"wpforms-single-item-price wpforms-field-medium wpforms-payment-price\">Precio: <span class=\"wpforms-price\">&#036;0.00<\/span><\/div><\/div><input type=\"hidden\" id=\"wpforms-518-field_38\" class=\"wpforms-field-medium wpforms-payment-price\" name=\"wpforms[fields][38]\"><\/div><\/div><div class=\"wpforms-layout-column wpforms-layout-column-50\" ><div id=\"wpforms-518-field_22-container\" class=\"wpforms-field wpforms-field-payment-single makeTextLarge wpforms-calculations-field\" data-field-type=\"payment-single\" data-field-id=\"22\"><label class=\"wpforms-field-label\">Costo Total<\/label><div class=\"wpforms-single-item-price-content\"><div class=\"wpforms-single-item-price wpforms-field-medium wpforms-payment-price\">Precio: <span class=\"wpforms-price\">&#036;0.00<\/span><\/div><\/div><input type=\"hidden\" id=\"wpforms-518-field_22\" class=\"wpforms-field-medium wpforms-payment-price\" name=\"wpforms[fields][22]\"><\/div><\/div><\/div><\/div><div id=\"wpforms-518-field_40-container\" class=\"wpforms-field wpforms-field-name\" data-field-type=\"name\" data-field-id=\"40\"><fieldset><legend class=\"wpforms-field-label\">Nombre <span class=\"wpforms-required-label\" aria-hidden=\"true\">*<\/span><\/legend><div class=\"wpforms-field-row wpforms-field-medium\"><div class=\"wpforms-field-row-block wpforms-first wpforms-one-half\"><input type=\"text\" id=\"wpforms-518-field_40\" class=\"wpforms-field-name-first wpforms-field-required\" name=\"wpforms[fields][40][first]\" aria-errormessage=\"wpforms-518-field_40-error\" required><label for=\"wpforms-518-field_40\" class=\"wpforms-field-sublabel after\">Nombre<\/label><\/div><div class=\"wpforms-field-row-block wpforms-one-half\"><input type=\"text\" id=\"wpforms-518-field_40-last\" class=\"wpforms-field-name-last wpforms-field-required\" name=\"wpforms[fields][40][last]\" aria-errormessage=\"wpforms-518-field_40-last-error\" required><label for=\"wpforms-518-field_40-last\" class=\"wpforms-field-sublabel after\">Apellidos<\/label><\/div><\/div><\/fieldset><\/div><div id=\"wpforms-518-field_41-container\" class=\"wpforms-field wpforms-field-address\" data-field-type=\"address\" data-field-id=\"41\"><fieldset><legend class=\"wpforms-field-label\">Direcci\u00f3n Donde se Realizar\u00e1 el Servicio <span class=\"wpforms-required-label\" aria-hidden=\"true\">*<\/span><\/legend><div class=\"wpforms-field-row wpforms-field-medium\"><div ><input type=\"text\" id=\"wpforms-518-field_41\" class=\"wpforms-field-address-address1 wpforms-field-required\" name=\"wpforms[fields][41][address1]\" value=\"Calle y N\u00famero\" aria-errormessage=\"wpforms-518-field_41-error\" required><label for=\"wpforms-518-field_41\" class=\"wpforms-field-sublabel after wpforms-sublabel-hide\">Address Line 1<\/label><\/div><\/div><div class=\"wpforms-field-row wpforms-field-medium\"><div ><input type=\"text\" id=\"wpforms-518-field_41-address2\" class=\"wpforms-field-address-address2\" name=\"wpforms[fields][41][address2]\" value=\"Colonia\" aria-errormessage=\"wpforms-518-field_41-address2-error\" ><label for=\"wpforms-518-field_41-address2\" class=\"wpforms-field-sublabel after wpforms-sublabel-hide\">Address Line 2<\/label><\/div><\/div><div class=\"wpforms-field-row wpforms-field-medium\"><div class=\"wpforms-field-row-block wpforms-one-half wpforms-first\"><input type=\"text\" id=\"wpforms-518-field_41-city\" class=\"wpforms-field-address-city wpforms-field-required\" name=\"wpforms[fields][41][city]\" value=\"Alcald\u00eda\" aria-errormessage=\"wpforms-518-field_41-city-error\" required><label for=\"wpforms-518-field_41-city\" class=\"wpforms-field-sublabel after wpforms-sublabel-hide\">Ciudad<\/label><\/div><div class=\"wpforms-field-row-block wpforms-one-half\"><input type=\"text\" id=\"wpforms-518-field_41-state\" class=\"wpforms-field-address-state wpforms-field-required\" name=\"wpforms[fields][41][state]\" value=\"Estado o Ciudad\" aria-errormessage=\"wpforms-518-field_41-state-error\" required><label for=\"wpforms-518-field_41-state\" class=\"wpforms-field-sublabel after wpforms-sublabel-hide\">State \/ Province \/ Region<\/label><\/div><\/div><div class=\"wpforms-field-row wpforms-field-medium\"><div class=\"wpforms-field-row-block wpforms-one-half wpforms-first\"><input type=\"text\" id=\"wpforms-518-field_41-postal\" class=\"wpforms-field-address-postal wpforms-field-required\" name=\"wpforms[fields][41][postal]\" value=\"C\u00f3digo Postal\" aria-errormessage=\"wpforms-518-field_41-postal-error\" required><label for=\"wpforms-518-field_41-postal\" class=\"wpforms-field-sublabel after wpforms-sublabel-hide\">Postal Code<\/label><\/div><\/div><\/fieldset><\/div><div id=\"wpforms-518-field_42-container\" class=\"wpforms-field wpforms-field-phone\" data-field-type=\"phone\" data-field-id=\"42\"><label class=\"wpforms-field-label\" for=\"wpforms-518-field_42\">Tel\u00e9fono <span class=\"wpforms-required-label\" aria-hidden=\"true\">*<\/span><\/label><input type=\"tel\" id=\"wpforms-518-field_42\" class=\"wpforms-field-medium wpforms-field-required wpforms-smart-phone-field\" data-rule-smart-phone-field=\"true\" name=\"wpforms[fields][42]\" aria-label=\"Tel\u00e9fono\" aria-errormessage=\"wpforms-518-field_42-error\" required><\/div>\t\t<div id=\"wpforms-518-field_1-container\"\n\t\t\tclass=\"wpforms-field wpforms-field-text\"\n\t\t\tdata-field-type=\"text\"\n\t\t\tdata-field-id=\"1\"\n\t\t\t>\n\t\t\t<label class=\"wpforms-field-label\" for=\"wpforms-518-field_1\" >el en Que<\/label>\n\t\t\t<input type=\"text\" id=\"wpforms-518-field_1\" class=\"wpforms-field-medium\" name=\"wpforms[fields][1]\" >\n\t\t<\/div>\n\t\t<div id=\"wpforms-518-field_43-container\" class=\"wpforms-field wpforms-field-email\" data-field-type=\"email\" data-field-id=\"43\"><label class=\"wpforms-field-label\" for=\"wpforms-518-field_43\">Correo electr\u00f3nico <span class=\"wpforms-required-label\" aria-hidden=\"true\">*<\/span><\/label><input type=\"email\" id=\"wpforms-518-field_43\" class=\"wpforms-field-medium wpforms-field-required\" name=\"wpforms[fields][43]\" spellcheck=\"false\" aria-errormessage=\"wpforms-518-field_43-error\" aria-describedby=\"wpforms-518-field_43-description\" required><div id=\"wpforms-518-field_43-description\" class=\"wpforms-field-description\">Enviaremos tu cotizaci\u00f3n a tu correo.<\/div><\/div><script>\n\t\t\t\t( function() {\n\t\t\t\t\tconst style = document.createElement( 'style' );\n\t\t\t\t\tstyle.appendChild( document.createTextNode( '#wpforms-518-field_1-container { position: absolute !important; overflow: hidden !important; display: inline !important; height: 1px !important; width: 1px !important; z-index: -1000 !important; padding: 0 !important; } #wpforms-518-field_1-container input { visibility: hidden; } #wpforms-conversational-form-page #wpforms-518-field_1-container label { counter-increment: none; }' ) );\n\t\t\t\t\tdocument.head.appendChild( style );\n\t\t\t\t\tdocument.currentScript?.remove();\n\t\t\t\t} )();\n\t\t\t<\/script><\/div><!-- .wpforms-field-container --><div class=\"wpforms-submit-container\" ><input type=\"hidden\" name=\"wpforms[id]\" value=\"518\"><input type=\"hidden\" name=\"page_title\" value=\"\"><input type=\"hidden\" name=\"page_url\" value=\"https:\/\/arquitecturacorel.com\/index.php\/wp-json\/wp\/v2\/pages\/511\"><input type=\"hidden\" name=\"url_referer\" value=\"\"><button type=\"submit\" name=\"wpforms[submit]\" id=\"wpforms-submit-518\" class=\"wpforms-submit\" data-alt-text=\"Enviando...\" data-submit-text=\"Enviar mi Cotizaci\u00f3n\" aria-live=\"assertive\" value=\"wpforms-submit\">Enviar mi Cotizaci\u00f3n<\/button><img decoding=\"async\" src=\"https:\/\/arquitecturacorel.com\/wp-content\/plugins\/wpforms\/assets\/images\/submit-spin.svg\" class=\"wpforms-submit-spinner\" style=\"display: none;\" width=\"26\" height=\"26\" alt=\"Cargando\"><\/div><\/form><\/div>  <!-- .wpforms-container -->\t\t\t\t<\/div>\n\t\t\t\t<\/div>\n\t\t\t\t\t<\/div>\n\t\t<\/div>\n\t\t\t\t\t<\/div>\n\t\t<\/section>\n\t\t\t\t<section class=\"elementor-section elementor-top-section elementor-element elementor-element-c4f9cb0 elementor-section-content-top elementor-section-boxed elementor-section-height-default elementor-section-height-default\" data-id=\"c4f9cb0\" data-element_type=\"section\">\n\t\t\t\t\t\t<div class=\"elementor-container elementor-column-gap-no\">\n\t\t\t\t\t<div class=\"elementor-column elementor-col-50 elementor-top-column elementor-element elementor-element-19e00ab\" data-id=\"19e00ab\" data-element_type=\"column\">\n\t\t\t<div class=\"elementor-widget-wrap elementor-element-populated\">\n\t\t\t\t\t\t<div class=\"elementor-element elementor-element-9b2eae8 elementor-widget elementor-widget-text-editor\" data-id=\"9b2eae8\" data-element_type=\"widget\" data-widget_type=\"text-editor.default\">\n\t\t\t\t<div class=\"elementor-widget-container\">\n\t\t\t\t\t\t\t\t\t<p>Una empresa mexicana dedicada a la construcci\u00f3n, remodelaci\u00f3n y mantenimiento de los espacios que hacen de tu proyecto un lugar \u00fanico y especial.<\/p>\t\t\t\t\t\t\t\t<\/div>\n\t\t\t\t<\/div>\n\t\t\t\t<div class=\"elementor-element elementor-element-bbf2927 elementor-shape-square e-grid-align-left e-grid-align-tablet-center elementor-grid-0 elementor-widget elementor-widget-social-icons\" data-id=\"bbf2927\" data-element_type=\"widget\" data-widget_type=\"social-icons.default\">\n\t\t\t\t<div class=\"elementor-widget-container\">\n\t\t\t\t\t\t\t<div class=\"elementor-social-icons-wrapper elementor-grid\" role=\"list\">\n\t\t\t\t\t\t\t<span class=\"elementor-grid-item\" role=\"listitem\">\n\t\t\t\t\t<a class=\"elementor-icon elementor-social-icon elementor-social-icon-facebook-f elementor-repeater-item-1a6c18d\" href=\"https:\/\/www.facebook.com\/construccionyremodelacionlegorreta\" target=\"_blank\">\n\t\t\t\t\t\t<span class=\"elementor-screen-only\">Facebook-f<\/span>\n\t\t\t\t\t\t<i class=\"fab fa-facebook-f\"><\/i>\t\t\t\t\t<\/a>\n\t\t\t\t<\/span>\n\t\t\t\t\t\t\t<span class=\"elementor-grid-item\" role=\"listitem\">\n\t\t\t\t\t<a class=\"elementor-icon elementor-social-icon elementor-social-icon-tiktok elementor-repeater-item-eab6573\" href=\"https:\/\/www.tiktok.com\/@corel.arqui\" target=\"_blank\">\n\t\t\t\t\t\t<span class=\"elementor-screen-only\">Tiktok<\/span>\n\t\t\t\t\t\t<i class=\"fab fa-tiktok\"><\/i>\t\t\t\t\t<\/a>\n\t\t\t\t<\/span>\n\t\t\t\t\t<\/div>\n\t\t\t\t\t\t<\/div>\n\t\t\t\t<\/div>\n\t\t\t\t\t<\/div>\n\t\t<\/div>\n\t\t\t\t<div class=\"elementor-column elementor-col-50 elementor-top-column elementor-element elementor-element-dc61a7f\" data-id=\"dc61a7f\" data-element_type=\"column\">\n\t\t\t<div class=\"elementor-widget-wrap elementor-element-populated\">\n\t\t\t\t\t\t<div class=\"elementor-element elementor-element-b60b13a elementor-widget elementor-widget-heading\" data-id=\"b60b13a\" data-element_type=\"widget\" data-widget_type=\"heading.default\">\n\t\t\t\t<div class=\"elementor-widget-container\">\n\t\t\t\t\t<h5 class=\"elementor-heading-title elementor-size-default\">Links<\/h5>\t\t\t\t<\/div>\n\t\t\t\t<\/div>\n\t\t\t\t<div class=\"elementor-element elementor-element-e8a1ed0 elementor-mobile-align-center elementor-icon-list--layout-traditional elementor-list-item-link-full_width elementor-widget elementor-widget-icon-list\" data-id=\"e8a1ed0\" data-element_type=\"widget\" data-widget_type=\"icon-list.default\">\n\t\t\t\t<div class=\"elementor-widget-container\">\n\t\t\t\t\t\t\t<ul class=\"elementor-icon-list-items\">\n\t\t\t\t\t\t\t<li class=\"elementor-icon-list-item\">\n\t\t\t\t\t\t\t\t\t\t\t<a href=\"https:\/\/arquitecturacorel.com\/index.php\/arquitectura-corel\">\n\n\t\t\t\t\t\t\t\t\t\t\t<span class=\"elementor-icon-list-text\">Inicio<\/span>\n\t\t\t\t\t\t\t\t\t\t\t<\/a>\n\t\t\t\t\t\t\t\t\t<\/li>\n\t\t\t\t\t\t\t\t<li class=\"elementor-icon-list-item\">\n\t\t\t\t\t\t\t\t\t\t\t<a href=\"https:\/\/arquitecturacorel.com\/index.php\/services\/\">\n\n\t\t\t\t\t\t\t\t\t\t\t<span class=\"elementor-icon-list-text\">Servicios<\/span>\n\t\t\t\t\t\t\t\t\t\t\t<\/a>\n\t\t\t\t\t\t\t\t\t<\/li>\n\t\t\t\t\t\t\t\t<li class=\"elementor-icon-list-item\">\n\t\t\t\t\t\t\t\t\t\t\t<a href=\"https:\/\/arquitecturacorel.com\/index.php\/about-us\/\">\n\n\t\t\t\t\t\t\t\t\t\t\t<span class=\"elementor-icon-list-text\">\u00bfQui\u00e9nes Somos?<\/span>\n\t\t\t\t\t\t\t\t\t\t\t<\/a>\n\t\t\t\t\t\t\t\t\t<\/li>\n\t\t\t\t\t\t\t\t<li class=\"elementor-icon-list-item\">\n\t\t\t\t\t\t\t\t\t\t\t<a href=\"https:\/\/arquitecturacorel.com\/index.php\/gallery\/\">\n\n\t\t\t\t\t\t\t\t\t\t\t<span class=\"elementor-icon-list-text\">Galer\u00eda<\/span>\n\t\t\t\t\t\t\t\t\t\t\t<\/a>\n\t\t\t\t\t\t\t\t\t<\/li>\n\t\t\t\t\t\t\t\t<li class=\"elementor-icon-list-item\">\n\t\t\t\t\t\t\t\t\t\t\t<a href=\"https:\/\/arquitecturacorel.com\/index.php\/contacto\">\n\n\t\t\t\t\t\t\t\t\t\t\t<span class=\"elementor-icon-list-text\">Cont\u00e1ctanos<\/span>\n\t\t\t\t\t\t\t\t\t\t\t<\/a>\n\t\t\t\t\t\t\t\t\t<\/li>\n\t\t\t\t\t\t\t\t<li class=\"elementor-icon-list-item\">\n\t\t\t\t\t\t\t\t\t\t\t<a href=\"https:\/\/arquitecturacorel.com\/index.php\/agenda-tu-visita\/\">\n\n\t\t\t\t\t\t\t\t\t\t\t<span class=\"elementor-icon-list-text\">Agenda Tu Visita<\/span>\n\t\t\t\t\t\t\t\t\t\t\t<\/a>\n\t\t\t\t\t\t\t\t\t<\/li>\n\t\t\t\t\t\t<\/ul>\n\t\t\t\t\t\t<\/div>\n\t\t\t\t<\/div>\n\t\t\t\t\t<\/div>\n\t\t<\/div>\n\t\t\t\t\t<\/div>\n\t\t<\/section>\n\t\t\t\t<\/div>\n\t\t","protected":false},"excerpt":{"rendered":"<p>Cotiza una Estimaci\u00f3n para el servicio de pintura Los precios reflejados son estimados y pueden variar si en la visita se observan diferencias con lo aqu\u00ed expuesto o detalles adicionales no contemplados. Por favor, activa JavaScript en tu navegador para completar este formulario.Por favor, activa JavaScript en tu navegador para completar este formulario.Tipo de ParedInteriorExterior [&hellip;]<\/p>\n","protected":false},"author":1,"featured_media":0,"parent":0,"menu_order":0,"comment_status":"closed","ping_status":"closed","template":"","meta":{"footnotes":""},"class_list":["post-511","page","type-page","status-publish","hentry"],"_links":{"self":[{"href":"https:\/\/arquitecturacorel.com\/index.php\/wp-json\/wp\/v2\/pages\/511","targetHints":{"allow":["GET"]}}],"collection":[{"href":"https:\/\/arquitecturacorel.com\/index.php\/wp-json\/wp\/v2\/pages"}],"about":[{"href":"https:\/\/arquitecturacorel.com\/index.php\/wp-json\/wp\/v2\/types\/page"}],"author":[{"embeddable":true,"href":"https:\/\/arquitecturacorel.com\/index.php\/wp-json\/wp\/v2\/users\/1"}],"replies":[{"embeddable":true,"href":"https:\/\/arquitecturacorel.com\/index.php\/wp-json\/wp\/v2\/comments?post=511"}],"version-history":[{"count":7,"href":"https:\/\/arquitecturacorel.com\/index.php\/wp-json\/wp\/v2\/pages\/511\/revisions"}],"predecessor-version":[{"id":556,"href":"https:\/\/arquitecturacorel.com\/index.php\/wp-json\/wp\/v2\/pages\/511\/revisions\/556"}],"wp:attachment":[{"href":"https:\/\/arquitecturacorel.com\/index.php\/wp-json\/wp\/v2\/media?parent=511"}],"curies":[{"name":"wp","href":"https:\/\/api.w.org\/{rel}","templated":true}]}}